{"id":137,"date":"2020-07-26T15:31:26","date_gmt":"2020-07-26T12:31:26","guid":{"rendered":"http:\/\/www.vespafiz.com\/?page_id=137"},"modified":"2020-07-26T16:24:52","modified_gmt":"2020-07-26T13:24:52","slug":"mentorluk-hizmeti","status":"publish","type":"page","link":"http:\/\/www.vespafiz.com\/index.php\/mentorluk-hizmeti\/","title":{"rendered":"MENTORLUK H\u0130ZMET\u0130"},"content":{"rendered":"\n<p>Yat\u0131r\u0131m projelerinin fizibilitelerinin haz\u0131rlanmas\u0131 s\u00fcrecinde \u00e7al\u0131\u015facak ekibe, firmam\u0131z\u0131n tecr\u00fcbeli uzmanlar\u0131nca \u00e7al\u0131\u015fman\u0131n ger\u00e7ekle\u015ftirilmesi s\u00fcrecinde mentorluk hizmeti verilmektedir.<\/p>\n\n\n\n<p>Bu s\u00fcre\u00e7 haz\u0131rlanacak \u00e7al\u0131\u015fmaya uygun iki g\u00fcnl\u00fck e\u011fitimi, kaynak teminini, saha ara\u015ft\u0131rmas\u0131 ve veri toplama s\u00fcre\u00e7lerindeki y\u00f6nlendirmeler ile veri analizlerini kapsamaktad\u0131r. Analizlere g\u00f6re haz\u0131rlanacak raporlar\u0131n i\u00e7eri\u011fi uzmanlar\u0131m\u0131zca y\u00f6nlendirilmekte ve denetlenmektedir.<\/p>\n\n\n\n<p><\/p>\n","protected":false},"excerpt":{"rendered":"<p>Yat\u0131r\u0131m projelerinin fizibilitelerinin haz\u0131rlanmas\u0131 s\u00fcrecinde \u00e7al\u0131\u015facak ekibe, firmam\u0131z\u0131n tecr\u00fcbeli uzmanlar\u0131nca \u00e7al\u0131\u015fman\u0131n ger\u00e7ekle\u015ftirilmesi s\u00fcrecinde mentorluk hizmeti verilmektedir. Bu s\u00fcre\u00e7 haz\u0131rlanacak \u00e7al\u0131\u015fmaya uygun iki g\u00fcnl\u00fck e\u011fitimi, kaynak teminini, saha ara\u015ft\u0131rmas\u0131 ve veri toplama s\u00fcre\u00e7lerindeki y\u00f6nlendirmeler ile veri analizlerini kapsamaktad\u0131r. Analizlere g\u00f6re haz\u0131rlanacak raporlar\u0131n i\u00e7eri\u011fi uzmanlar\u0131m\u0131zca y\u00f6nlendirilmekte ve denetlenmektedir.<\/p>\n","protected":false},"author":1,"featured_media":0,"parent":0,"menu_order":0,"comment_status":"closed","ping_status":"closed","template":"","meta":[],"_links":{"self":[{"href":"http:\/\/www.vespafiz.com\/index.php\/wp-json\/wp\/v2\/pages\/137"}],"collection":[{"href":"http:\/\/www.vespafiz.com\/index.php\/wp-json\/wp\/v2\/pages"}],"about":[{"href":"http:\/\/www.vespafiz.com\/index.php\/wp-json\/wp\/v2\/types\/page"}],"author":[{"embeddable":true,"href":"http:\/\/www.vespafiz.com\/index.php\/wp-json\/wp\/v2\/users\/1"}],"replies":[{"embeddable":true,"href":"http:\/\/www.vespafiz.com\/index.php\/wp-json\/wp\/v2\/comments?post=137"}],"version-history":[{"count":3,"href":"http:\/\/www.vespafiz.com\/index.php\/wp-json\/wp\/v2\/pages\/137\/revisions"}],"predecessor-version":[{"id":143,"href":"http:\/\/www.vespafiz.com\/index.php\/wp-json\/wp\/v2\/pages\/137\/revisions\/143"}],"wp:attachment":[{"href":"http:\/\/www.vespafiz.com\/index.php\/wp-json\/wp\/v2\/media?parent=137"}],"curies":[{"name":"wp","href":"https:\/\/api.w.org\/{rel}","templated":true}]}}