{"id":161,"date":"2021-04-06T11:09:07","date_gmt":"2021-04-06T08:09:07","guid":{"rendered":"http:\/\/www.vespafiz.com\/?page_id=161"},"modified":"2025-10-28T08:50:38","modified_gmt":"2025-10-28T05:50:38","slug":"referanslarimiz-2","status":"publish","type":"page","link":"http:\/\/www.vespafiz.com\/index.php\/referanslarimiz-2\/","title":{"rendered":"REFERANSLARIMIZ"},"content":{"rendered":"\n<figure class=\"wp-block-table\"><table><tbody><tr><td><\/td><td><strong>May\u0131s 2019-Temmuz 2021<\/strong><\/td><td><strong>Kurum<\/strong><\/td><td>Teslim Tarihi<\/td><\/tr><tr><td>1<\/td><td>Fizibilite De\u011ferlendirme Raporu Haz\u0131rlama \u00c7al\u0131\u015fmas\u0131&nbsp;<\/td><td>MEVKA<\/td><td>25.07.2019<\/td><\/tr><tr><td>2<\/td><td>Fizibilite De\u011ferlendirme Raporu Bilgilendirme E\u011fitimi<\/td><td>MEVKA<\/td><td>29.07.2019<\/td><\/tr><tr><td>3<\/td><td>Fizibilite Haz\u0131rlama ve De\u011ferlendirme E\u011fitimi<\/td><td>D\u0130CLE KA<\/td><td>29.07-3.08 2019<\/td><\/tr><tr><td>4<\/td><td>Fizibilite E\u011fitimi- KOP_TRAKYAKA ve \u00d6ZEL SEKT\u00d6R<\/td><td>KOP<\/td><td>23-27 Eyl\u00fcl 2019<\/td><\/tr><tr><td>5<\/td><td>Savunma Sanayine Y\u00f6nelik Tasar\u0131m Merkezi ve Mastar \u00dcretim Tesisi Fizibilitesi<\/td><td>Sel\u00e7uk \u00dcniversitesi Hu\u011flu MYO \u2013MEVKA<\/td><td>Ekim 19<\/td><\/tr><tr><td>6<\/td><td>Portakal At\u0131klar\u0131ndan Pektin \u00dcretim Tesisi Fizibilitesi<\/td><td>Adana \u0130l Tar.M\u00fcd\u00fcr.-\u00c7UKUROVA KA.<\/td><td>Kas\u0131m 19<\/td><\/tr><tr><td>7<\/td><td>Fizibilite De\u011ferlendirme Raporu<\/td><td>MEVKA<\/td><td>Kas\u0131m 19<\/td><\/tr><tr><td>8<\/td><td>Fizibilite ve Nitelik De\u011ferlendirme E\u011fitimi<\/td><td>BEBKA<\/td><td>Kas\u0131m 19<\/td><\/tr><tr><td>9<\/td><td>Fizibilite De\u011ferlendirme Raporu<\/td><td>\u0130zmir Ticaret Borsas\u0131<\/td><td>Kas\u0131m 19<\/td><\/tr><tr><td>10<\/td><td>Fizibilite De\u011ferlendirme Raporu<\/td><td>MEVKA<\/td><td>Kas\u0131m 19<\/td><\/tr><tr><td>11<\/td><td>Fizibilite ve Nitelik De\u011ferlendirme E\u011fitimi<\/td><td>DO\u011eAKA<\/td><td>9-13 Aral\u0131k 2019<\/td><\/tr><tr><td>12<\/td><td>Fizibilite De\u011ferlendirme Raporu<\/td><td>MEVKA<\/td><td>Aral\u0131k 19<\/td><\/tr><tr><td>13<\/td><td>TR21 B\u00f6lgesi Tohumculuk Sekt\u00f6r Raporu<\/td><td>TRAKYAKA<\/td><td>\u015eubat 20<\/td><\/tr><tr><td>14<\/td><td>Fizibilite De\u011ferlendirme Raporu<\/td><td>MEVKA<\/td><td>Aral\u0131k 19<\/td><\/tr><tr><td>15<\/td><td>Fizibilite ve Nitelik De\u011ferlendirme E\u011fitimi<\/td><td>ANKARAKA<\/td><td>02-06 Mart 2020<\/td><\/tr><tr><td>16<\/td><td>Ay\u00e7i\u00e7e\u011fi ve M\u0131s\u0131r Islah\u0131 Tohumculuk Fizibilitesi<\/td><td>TRAKYAKA ve Trakya Tohum A.\u015e.<\/td><td>Mart 20<\/td><\/tr><tr><td>17<\/td><td>Fizibilite Haz\u0131rlama E\u011fitimi&nbsp;<\/td><td>Bursa-Bilecik-Eski\u015fehir,Muh. Uzman<\/td><td>May\u0131s 20<\/td><\/tr><tr><td>18<\/td><td>Mezbaha ve Et \u0130\u015fleme Tesisi \u00d6n Fizibilite Raporu<\/td><td>AH\u0130LER KA K\u0131r\u015fehir YDO<\/td><td>Haziran 20<\/td><\/tr><tr><td>19<\/td><td>\u00d6n Fizibilite E\u011fitimi, S\u00fcre\u00e7 Dan\u0131\u015fmanl\u0131\u011f\u0131, Ment\u00f6rl\u00fck Hiz<\/td><td>F\u0131rat KA-&nbsp; Trakya KA-&nbsp; BAKA<\/td><td>Temmuz 20<\/td><\/tr><tr><td>20<\/td><td>Fizibilite ve Nitelik De\u011ferlendirme E\u011fitimi&nbsp;<\/td><td>KUZKA<\/td><td>Temmuz 20<\/td><\/tr><tr><td>21<\/td><td>Y\u00fcn \u0130\u015fleme Tesisi \u00d6n Fizibilitesi<\/td><td>DAKA<\/td><td>A\u011fustos 20<\/td><\/tr><tr><td>22<\/td><td>So\u011fuk D\u00f6vme Namlu \u00dcretim Tesisi \u00d6n Fizibilitesi<\/td><td>MEVKA<\/td><td>A\u011fustos 20<\/td><\/tr><tr><td>23<\/td><td>Fizibilite ve Nitelik De\u011ferlendirme E\u011fitimi<\/td><td>KUZKA<\/td><td>Temmuz 20<\/td><\/tr><tr><td>24<\/td><td>So\u011fuk Hava Deposu \u00d6n Fizibilite<\/td><td>AH\u0130LER KA K\u0131r\u0131kkale YDO<\/td><td>Haziran 20<\/td><\/tr><tr><td>25<\/td><td>Patara Telsiz \u0130stasyonu Restorasyon Fizibilitesi<\/td><td>BAKA<\/td><td>Haziran 20<\/td><\/tr><tr><td>26<\/td><td>Mezbaha ve Et Kombinas\u0131 Fizibilitesi<\/td><td>Eski\u015fehir Ticaret Borsas\u0131<\/td><td>Eyl\u00fcl 20<\/td><\/tr><tr><td>27<\/td><td>Yeni Nesil Rulman \u00dcretim Tesisi \u00d6n Fizibilite ve Fizibilite Raporu<\/td><td>\u0130ZKA<\/td><td>Eyl\u00fcl 20<\/td><\/tr><tr><td>28<\/td><td>Film Platosu Yat\u0131r\u0131m\u0131 \u00d6n Fizibilite<\/td><td>AH\u0130KA<\/td><td>Ekim 20<\/td><\/tr><tr><td>29<\/td><td>Fizibilite ve Nitelik De\u011ferlendirme E\u011fitimi<\/td><td>BAKKA&nbsp;<\/td><td>Ekim 20<\/td><\/tr><tr><td>30<\/td><td>CIP Laboratuvar\u0131 Kurma Fizibilitesi ve G\u00fcncelleme Deste\u011fi<\/td><td>MEVKA<\/td><td>Ocak-Kas\u0131m 2020<\/td><\/tr><tr><td>31<\/td><td>\u0130zmir Canl\u0131 Hayvan Borsas\u0131 Yat\u0131r\u0131m\u0131 Fizibilitesi<\/td><td>\u0130zmir Ticaret Borsas\u0131<\/td><td>Nisan 21<\/td><\/tr><tr><td>32<\/td><td>Teknopark Prototip At\u00f6lyesi Yat\u0131r\u0131m\u0131 Fizibilitesi<\/td><td>Antalya OSB ve TGB \u0130\u015fletim A.\u015e.<\/td><td>May\u0131s 21<\/td><\/tr><tr><td>33<\/td><td>Mersin Cennet Cehennem Ma\u011faralar\u0131 \u00c7evre D\u00fczenleme Projesi Fizibilite Raporu<\/td><td>Valilik ve \u0130l \u00d6zel \u0130daresi<\/td><td>Temmuz 21<\/td><\/tr><tr><td>34<\/td><td>\u0130zmir Deniz Patl\u0131can\u0131 \u00dcretim Tesisi Fizibilitesi ve \u00f6n fizibilitesi<\/td><td>\u0130ZKA<\/td><td>Temmuz 21<\/td><\/tr><tr><td>35<\/td><td>Konya Bozk\u0131r \u0130l\u00e7esi Deri \u0130\u015flemecili\u011fi Yat\u0131r\u0131m\u0131 \u00d6n Fizibilitesi<\/td><td>Bozk\u0131r \u0130l\u00e7e Tar\u0131m M\u00fcd\u00fcrl\u00fc\u011f\u00fc<\/td><td>A\u011fustos 21<\/td><\/tr><tr><td>36<\/td><td>Ceyhan Paketleme Tesisi ve So\u011fuk Hava Deposu Fizibilitesi<\/td><td>Ceyhan \u0130l\u00e7e Tar\u0131m ve Orman M\u00fcd\u00fcrl\u00fc\u011f\u00fc<\/td><td>Eyl\u00fcl 2021<\/td><\/tr><tr><td>37<\/td><td>Mersin Gilindire Ma\u011faras\u0131 \u00c7evre D\u00fczenleme Projesi Fizibilitesi<\/td><td>Valilik ve \u0130l \u00d6zel \u0130daresi<\/td><td>Kas\u0131m 2021<\/td><\/tr><tr><td>38<\/td><td>Mersin Gilindire Ma\u011faras\u0131 \u00c7evre D\u00fczenleme Projesi Fizibilitesi<\/td><td>Valilik ve \u0130l \u00d6zel \u0130daresi<\/td><td>Kas\u0131m 2021<\/td><\/tr><tr><td>39<\/td><td>Ayakkab\u0131 \u00dcretim Tesisi \u00d6n Fizibilite \u00c7al\u0131\u015fmas\u0131<\/td><td>Ye\u015filyuva Ayakkab\u0131c\u0131lar Kooperatifi ve GEKA<\/td><td>Aral\u0131k 2021<\/td><\/tr><tr><td>40<\/td><td>Mardin Artuklu \u00dcniversitesi Medya Merkezi Fizibilitesi<\/td><td>D\u0130KA<\/td><td>\u015eubat 2022<\/td><\/tr><tr><td>41<\/td><td>Yat\u0131r\u0131m Fizibilitelerinin De\u011ferlendirmesi Hizmeti<\/td><td>Karacada\u011f Kalk\u0131nma Ajans\u0131<\/td><td>2022<\/td><\/tr><tr><td>42<\/td><td>TRC2\/20\/FZD\/SOP1-SOP2-SOP3-SOP4<\/td><td>Karacada\u011f Kalk\u0131nma Ajans\u0131<\/td><td>2022<\/td><\/tr><tr><td>43<\/td><td>Antalya EXPO2016\u2019dan Antalya T\u0130M2023\u2019e\u201d Konulu Fizibilite Raporunun Haz\u0131rlanmas\u0131<\/td><td>BAKA<\/td><td>Mart 2022<\/td><\/tr><tr><td>44<\/td><td>\u0130zmir Gastronomi Merkezi Fizibilite Raporunun Haz\u0131rlanmas\u0131<\/td><td>\u0130zmir Ticaret Borsas\u0131<\/td><td>Nisan 2022<\/td><\/tr><tr><td>45<\/td><td>Ye\u015fil Mutabakata Uyumlu Pirina Tesisi\u201d Fizibilite Raporunun Haz\u0131rlanmas\u0131<\/td><td>Adana \u0130l Tar\u0131m M\u00fcd\u00fcrl\u00fc\u011f\u00fc- \u00c7KA<\/td><td>Haziran 2022<\/td><\/tr><tr><td>46<\/td><td>Ye\u015fil Mutabakat\u0131n Getirdi\u011fi M\u00fceyyideler, Kurumsal S\u00fcrd\u00fcr\u00fclebilirlik Faaliyetleri ve Yat\u0131r\u0131m Projelerinin De\u011ferlendirilmesi\u201d E\u011fitimi<\/td><td>Adana \u0130l Tar\u0131m M\u00fcd\u00fcrl\u00fc\u011f\u00fc- \u00c7KA<\/td><td>Kas\u0131m 2022<\/td><\/tr><tr><td>47<\/td><td>Uygulamal\u0131 Mali Tablolar\u201d E\u011fitimi<\/td><td>Malkara Belediyesi &#8211; TRAKYA KA<\/td><td>2022<\/td><\/tr><tr><td>48<\/td><td>Elektrikli Ara\u00e7lar \u0130\u00e7in Katot \u00dcretim Tesisi Fizibilite Raporu<\/td><td>\u0130ZKA<\/td><td>2023<\/td><\/tr><tr><td>49<\/td><td>Van Y\u00fcn \u0130\u015fleme Tesisi Fizibilite Raporu<\/td><td>DAKA<\/td><td>2023<\/td><\/tr><tr><td>50<\/td><td>Fizibilite E\u011fitimi<\/td><td>DAKA<\/td><td>2023<\/td><\/tr><tr><td>51<\/td><td>Fizibilite De\u011ferlendirme Hizmeti<\/td><td>DAKA<\/td><td>2023<\/td><\/tr><tr><td>52<\/td><td>Bal\u0131kesir Ticaret Odas\u0131 G\u0131da Sanayi Sitesi Fizibilite Raporu<\/td><td>GMKA G\u00fcney Marmara Kalk\u0131nma Ajans\u0131<\/td><td>2024<\/td><\/tr><tr><td>51<\/td><td>Bitlis \u0130li Ahlat, Adilcevaz ve Tatvan \u0130l\u00e7eleri At\u0131k Su Ar\u0131tma GES Tesisi Fizibilitesi<\/td><td>DAKA<\/td><td>2024<\/td><\/tr><tr><td>52<\/td><td>Mersin Toros \u00dcniversitesi Turun\u00e7gil At\u0131k Ar-Ge Merkezi Fizibilitesi<\/td><td>\u00c7ukurova Kalk\u0131nma Ajans\u0131<\/td><td>2024<\/td><\/tr><tr><td>53<\/td><td>Tar\u0131m \u0130htisas OSB Kesimhane Yat\u0131r\u0131m\u0131 Fizibilitesi<\/td><td>KUZKA<\/td><td>2024<\/td><\/tr><tr><td>54<\/td><td>Isparta Ticaret ve Sanayi Odas\u0131 Serbest B\u00f6lge Yat\u0131r\u0131m\u0131 Fizibilitesi<\/td><td>BAKA<\/td><td>2024<\/td><\/tr><tr><td>55<\/td><td>Fi\u015fek Dolum Hatt\u0131 Yat\u0131r\u0131m\u0131 Fizibilitesinin Niteli\u011fini De\u011ferlendirme Raporu<\/td><td>Konya- Sentez Dan\u0131\u015fmanl\u0131k<\/td><td>2024<\/td><\/tr><tr><td>56<\/td><td>Top ve Ob\u00fcs Mermi G\u00f6vdesi \u00dcretim Tesisi Yat\u0131r\u0131m\u0131 Fizibilitesinin Niteli\u011fini De\u011ferlendirme Raporu<\/td><td>Konya- Sentez Dan\u0131\u015fmanl\u0131k<\/td><td>2025<\/td><\/tr><tr><td>57<\/td><td>Organik Bebek Mamas\u0131 ve Diyet \u00dcr\u00fcn \u00dcretim Tesisi Fizibilitesi<\/td><td>DOKA<\/td><td>2025<\/td><\/tr><tr><td>58<\/td><td>Mardin Noodle \u00dcretim Tesisi Fizibilitesi<\/td><td>Pastella G\u0131da Ltd \u015eti<\/td><td>2025<\/td><\/tr><tr><td>59<\/td><td>Karaman \u0130li Ekoturizm Fizibilitesi<\/td><td>Karaman \u0130l \u00d6zel \u0130daresi<\/td><td>Devam Ediyor<\/td><\/tr><tr><td>60<\/td><td>Trabzon \u0130li Bal\u0131k Hidroliz Tesisi Fizibilitesi<\/td><td>DOKA<\/td><td>Devam Ediyor<\/td><\/tr><tr><td>61<\/td><td>Fizibilite Haz\u0131rlama E\u011fitimi<\/td><td>\u00d6zel Sekt\u00f6r Dan\u0131\u015fman Grubu<\/td><td>2025<\/td><\/tr><\/tbody><\/table><\/figure>\n\n\n\n<p><strong>REFERANSLARIMIZIN GENEL \u00d6ZET\u0130 ;<\/strong><\/p>\n\n\n\n<ul>\n<li>Fizibilite ve \u00d6n Fizibilite Raporu \u2013 37 adet, Toplam 23 Kalk\u0131nma Ajans\u0131na hizmet verilmi\u015ftir.<\/li>\n\n\n\n<li>Fizibilite De\u011ferlendirme Raporu- 20 adedin \u00fczerinde (format\u0131 taraf\u0131m\u0131zdan geli\u015ftirilmi\u015ftir).<\/li>\n\n\n\n<li>Fizibilite Haz\u0131rlama ve\/veya Fizibilite De\u011ferlendirme E\u011fitimi- 12 adet<\/li>\n\n\n\n<li>Mentorluk ve Dan\u0131\u015fmanl\u0131k Hizmeti- 15 adetten fazla \u00f6n fizibilitenin haz\u0131rlanmas\u0131nda toplam 3 Kalk\u0131nma Ajans\u0131na hizmet verilmi\u015ftir.<\/li>\n\n\n\n<li>Ye\u015fil Mutabakata ili\u015fkin \u00e7al\u0131\u015fmalar, mali ve ekonomik raporlama ve e\u011fitimler verilmi\u015ftir.<\/li>\n<\/ul>\n","protected":false},"excerpt":{"rendered":"<p>May\u0131s 2019-Temmuz 2021 Kurum Teslim Tarihi 1 Fizibilite De\u011ferlendirme Raporu Haz\u0131rlama \u00c7al\u0131\u015fmas\u0131&nbsp; MEVKA 25.07.2019 2 Fizibilite De\u011ferlendirme Raporu Bilgilendirme E\u011fitimi MEVKA 29.07.2019 3 Fizibilite Haz\u0131rlama ve De\u011ferlendirme E\u011fitimi D\u0130CLE KA 29.07-3.08 2019 4 Fizibilite E\u011fitimi- KOP_TRAKYAKA ve \u00d6ZEL SEKT\u00d6R KOP 23-27 Eyl\u00fcl 2019 5 Savunma Sanayine Y\u00f6nelik Tasar\u0131m Merkezi ve Mastar \u00dcretim Tesisi Fizibilitesi Sel\u00e7uk&#8230;<a class=\"read-more-link button\" href=\"http:\/\/www.vespafiz.com\/index.php\/referanslarimiz-2\/\">Read more<\/a><\/p>\n","protected":false},"author":1,"featured_media":0,"parent":0,"menu_order":0,"comment_status":"closed","ping_status":"closed","template":"","meta":[],"_links":{"self":[{"href":"http:\/\/www.vespafiz.com\/index.php\/wp-json\/wp\/v2\/pages\/161"}],"collection":[{"href":"http:\/\/www.vespafiz.com\/index.php\/wp-json\/wp\/v2\/pages"}],"about":[{"href":"http:\/\/www.vespafiz.com\/index.php\/wp-json\/wp\/v2\/types\/page"}],"author":[{"embeddable":true,"href":"http:\/\/www.vespafiz.com\/index.php\/wp-json\/wp\/v2\/users\/1"}],"replies":[{"embeddable":true,"href":"http:\/\/www.vespafiz.com\/index.php\/wp-json\/wp\/v2\/comments?post=161"}],"version-history":[{"count":9,"href":"http:\/\/www.vespafiz.com\/index.php\/wp-json\/wp\/v2\/pages\/161\/revisions"}],"predecessor-version":[{"id":282,"href":"http:\/\/www.vespafiz.com\/index.php\/wp-json\/wp\/v2\/pages\/161\/revisions\/282"}],"wp:attachment":[{"href":"http:\/\/www.vespafiz.com\/index.php\/wp-json\/wp\/v2\/media?parent=161"}],"curies":[{"name":"wp","href":"https:\/\/api.w.org\/{rel}","templated":true}]}}