{"id":23,"date":"2020-07-23T07:30:52","date_gmt":"2020-07-23T04:30:52","guid":{"rendered":"http:\/\/www.vespafiz.com\/?page_id=23"},"modified":"2020-07-26T16:22:46","modified_gmt":"2020-07-26T13:22:46","slug":"faaliyetlerimiz","status":"publish","type":"page","link":"http:\/\/www.vespafiz.com\/index.php\/faaliyetlerimiz\/","title":{"rendered":"F\u0130Z\u0130B\u0130L\u0130TE \u00c7ALI\u015eMALARI"},"content":{"rendered":"\n<p>Fizibilite raporu bir yat\u0131r\u0131m fikrinin uygulanabilir olup olmad\u0131\u011f\u0131n\u0131n ara\u015ft\u0131r\u0131lmas\u0131n\u0131 ve de\u011ferlendirilmesini kapsayan detayl\u0131 bir \u00e7al\u0131\u015fmad\u0131r. Fizibilite \u00e7al\u0131\u015fmas\u0131<strong>;\u00a0<\/strong>temel olarak pazar, teknik ve finansal konularda yap\u0131lan ara\u015ft\u0131rma ve de\u011ferlendirmeleri kapsar.<\/p>\n\n\n\n<p>Bir fizibilite raporunun ana ba\u015fl\u0131klar\u0131 a\u015fa\u011f\u0131daki gibi \u00f6zetlenebilir.<\/p>\n\n\n\n<p><strong>1 PROJEN\u0130N TANITILMASI<\/strong><\/p>\n\n\n\n<p><strong>2. SATI\u015eA KONU OLAN \u00dcR\u00dcN ve\/veya H\u0130ZMETLER\u0130N TANIMI <\/strong><\/p>\n\n\n\n<p><strong>3. TEKN\u0130K KAPAS\u0130TEDE M\u0130KTARI<\/strong><\/p>\n\n\n\n<p><strong>4. EKONOM\u0130K \u0130NCELEME ve DE\u011eERLEND\u0130RME<\/strong><\/p>\n\n\n\n<p>4.1. Ekonomi ve Temel G\u00f6stergeler <\/p>\n\n\n\n<p>4.2. Yat\u0131r\u0131m\u0131n Yararlanabilece\u011fi Te\u015fvik Tedbirleri <\/p>\n\n\n\n<p>4.3. Sosyal ve Ekonomik Yap\u0131<\/p>\n\n\n\n<p>4.4. Girdi Piyasas\u0131 ve Girdi Fiyatlar\u0131<\/p>\n\n\n\n<p>4.5. Sat\u0131\u015f Fiyatlar\u0131 ve Ko\u015fullar\u0131<\/p>\n\n\n\n<p>4.6. \u00d6ng\u00f6r\u00fclen Sat\u0131\u015f Projeksiyonlar\u0131<\/p>\n\n\n\n<p><strong>5. TEKN\u0130K \u0130NCELEME ve DE\u011eERLEND\u0130RME<\/strong><\/p>\n\n\n\n<p>5.1. Kurulu\u015f Yeri Se\u00e7imi<\/p>\n\n\n\n<p>5.2. Teknoloji ve \u00dcretim Y\u00f6ntemine \u0130li\u015fkin Kriterler<\/p>\n\n\n\n<p>5.3. Teknik Kapasite ve Teknik KKO<\/p>\n\n\n\n<p>5.4. \u00c7evresel Etki, De\u011ferlendirmesi ve Y\u00f6netimi<\/p>\n\n\n\n<p>5.5. Organizasyon<\/p>\n\n\n\n<p>5.6. Yat\u0131r\u0131m Uygulama Plan\u0131<\/p>\n\n\n\n<p>5.7. Toplam Yat\u0131r\u0131m Tutar\u0131 ve Y\u0131llara Da\u011f\u0131l\u0131m\u0131<\/p>\n\n\n\n<p>5.8. Teknik Kapasitede \u0130\u015fletme&nbsp; Giderleri<\/p>\n\n\n\n<p>5.9. Teknik Kapasitede \u0130\u015fletme&nbsp; Gelirleri<\/p>\n\n\n\n<p>5.10. \u0130\u015fletme Sermayesi \u0130htiyac\u0131<\/p>\n\n\n\n<p><strong>6. F\u0130NANSAL \u0130NCELEME ve DE\u011eERLEND\u0130RME <\/strong><\/p>\n\n\n\n<p>6.1. Finansman \u0130htiyac\u0131 ve Kaynaklar\u0131<\/p>\n\n\n\n<p>6.2. Proforma Tablolar<\/p>\n\n\n\n<p>6.3. Yat\u0131r\u0131m\u0131n Net Bug\u00fcnk\u00fc De\u011feri<\/p>\n\n\n\n<p>6.4. Duyarl\u0131l\u0131k Analizleri<\/p>\n","protected":false},"excerpt":{"rendered":"<p>Fizibilite raporu bir yat\u0131r\u0131m fikrinin uygulanabilir olup olmad\u0131\u011f\u0131n\u0131n ara\u015ft\u0131r\u0131lmas\u0131n\u0131 ve de\u011ferlendirilmesini kapsayan detayl\u0131 bir \u00e7al\u0131\u015fmad\u0131r. Fizibilite \u00e7al\u0131\u015fmas\u0131;\u00a0temel olarak pazar, teknik ve finansal konularda yap\u0131lan ara\u015ft\u0131rma ve de\u011ferlendirmeleri kapsar. Bir fizibilite raporunun ana ba\u015fl\u0131klar\u0131 a\u015fa\u011f\u0131daki gibi \u00f6zetlenebilir. 1 PROJEN\u0130N TANITILMASI 2. SATI\u015eA KONU OLAN \u00dcR\u00dcN ve\/veya H\u0130ZMETLER\u0130N TANIMI 3. TEKN\u0130K KAPAS\u0130TEDE M\u0130KTARI 4. EKONOM\u0130K \u0130NCELEME ve&#8230;<a class=\"read-more-link button\" href=\"http:\/\/www.vespafiz.com\/index.php\/faaliyetlerimiz\/\">Read more<\/a><\/p>\n","protected":false},"author":1,"featured_media":0,"parent":0,"menu_order":2,"comment_status":"closed","ping_status":"closed","template":"","meta":[],"_links":{"self":[{"href":"http:\/\/www.vespafiz.com\/index.php\/wp-json\/wp\/v2\/pages\/23"}],"collection":[{"href":"http:\/\/www.vespafiz.com\/index.php\/wp-json\/wp\/v2\/pages"}],"about":[{"href":"http:\/\/www.vespafiz.com\/index.php\/wp-json\/wp\/v2\/types\/page"}],"author":[{"embeddable":true,"href":"http:\/\/www.vespafiz.com\/index.php\/wp-json\/wp\/v2\/users\/1"}],"replies":[{"embeddable":true,"href":"http:\/\/www.vespafiz.com\/index.php\/wp-json\/wp\/v2\/comments?post=23"}],"version-history":[{"count":6,"href":"http:\/\/www.vespafiz.com\/index.php\/wp-json\/wp\/v2\/pages\/23\/revisions"}],"predecessor-version":[{"id":141,"href":"http:\/\/www.vespafiz.com\/index.php\/wp-json\/wp\/v2\/pages\/23\/revisions\/141"}],"wp:attachment":[{"href":"http:\/\/www.vespafiz.com\/index.php\/wp-json\/wp\/v2\/media?parent=23"}],"curies":[{"name":"wp","href":"https:\/\/api.w.org\/{rel}","templated":true}]}}