{"id":27,"date":"2020-07-23T07:32:12","date_gmt":"2020-07-23T04:32:12","guid":{"rendered":"http:\/\/www.vespafiz.com\/?page_id=27"},"modified":"2020-07-26T16:31:59","modified_gmt":"2020-07-26T13:31:59","slug":"faaliyetlerimiz-2","status":"publish","type":"page","link":"http:\/\/www.vespafiz.com\/index.php\/faaliyetlerimiz-2\/","title":{"rendered":"FAAL\u0130YETLER\u0130M\u0130Z"},"content":{"rendered":"\n<p><a href=\"http:\/\/www.vespafiz.com\/index.php\/faaliyetlerimiz\/\">Fizibilite Raporlar\u0131n\u0131n Haz\u0131rlanmas\u0131<\/a><\/p>\n\n\n\n<p><a href=\"http:\/\/www.vespafiz.com\/index.php\/pazar-arastirmasi-ve-sektor-analizi\/\">Pazar Ara\u015ft\u0131rmas\u0131 ve Sekt\u00f6r Analizi<\/a><\/p>\n\n\n\n<p><a href=\"http:\/\/www.vespafiz.com\/index.php\/egitim-faaliyetleri\/\">E\u011fitim Faaliyetleri<\/a><\/p>\n\n\n\n<p><a href=\"http:\/\/www.vespafiz.com\/index.php\/mentorluk-hizmeti\/\">Mentorluk Hizmeti<\/a><\/p>\n","protected":false},"excerpt":{"rendered":"<p>Fizibilite Raporlar\u0131n\u0131n Haz\u0131rlanmas\u0131 Pazar Ara\u015ft\u0131rmas\u0131 ve Sekt\u00f6r Analizi E\u011fitim Faaliyetleri Mentorluk Hizmeti<\/p>\n","protected":false},"author":1,"featured_media":0,"parent":0,"menu_order":0,"comment_status":"closed","ping_status":"closed","template":"","meta":[],"_links":{"self":[{"href":"http:\/\/www.vespafiz.com\/index.php\/wp-json\/wp\/v2\/pages\/27"}],"collection":[{"href":"http:\/\/www.vespafiz.com\/index.php\/wp-json\/wp\/v2\/pages"}],"about":[{"href":"http:\/\/www.vespafiz.com\/index.php\/wp-json\/wp\/v2\/types\/page"}],"author":[{"embeddable":true,"href":"http:\/\/www.vespafiz.com\/index.php\/wp-json\/wp\/v2\/users\/1"}],"replies":[{"embeddable":true,"href":"http:\/\/www.vespafiz.com\/index.php\/wp-json\/wp\/v2\/comments?post=27"}],"version-history":[{"count":11,"href":"http:\/\/www.vespafiz.com\/index.php\/wp-json\/wp\/v2\/pages\/27\/revisions"}],"predecessor-version":[{"id":145,"href":"http:\/\/www.vespafiz.com\/index.php\/wp-json\/wp\/v2\/pages\/27\/revisions\/145"}],"wp:attachment":[{"href":"http:\/\/www.vespafiz.com\/index.php\/wp-json\/wp\/v2\/media?parent=27"}],"curies":[{"name":"wp","href":"https:\/\/api.w.org\/{rel}","templated":true}]}}