{"id":56,"date":"2020-07-23T09:11:30","date_gmt":"2020-07-23T06:11:30","guid":{"rendered":"http:\/\/www.vespafiz.com\/?page_id=56"},"modified":"2020-11-20T18:11:33","modified_gmt":"2020-11-20T15:11:33","slug":"iletisim","status":"publish","type":"page","link":"http:\/\/www.vespafiz.com\/index.php\/iletisim\/","title":{"rendered":"\u0130LET\u0130\u015e\u0130M"},"content":{"rendered":"\n<p class=\"has-text-align-center\"><strong>VESPAF\u0130Z <\/strong><\/p>\n\n\n\n<p class=\"has-text-align-center\">T\u00f6rekent mahallesi, Ahmet Kabakl\u0131 Caddesi No 113 <\/p>\n\n\n\n<p class=\"has-text-align-center\">06949 T\u00f6rekent \/ Ankara<\/p>\n\n\n\n<p class=\"has-text-align-center\">GSM : +90 552 902 80 77<\/p>\n\n\n\n<p class=\"has-text-align-center\"><a href=\"mailto:vespafiz@vespafiz.com\">vespafiz@vespafiz.com<\/a><\/p>\n","protected":false},"excerpt":{"rendered":"<p>VESPAF\u0130Z T\u00f6rekent mahallesi, Ahmet Kabakl\u0131 Caddesi No 113 06949 T\u00f6rekent \/ Ankara GSM : +90 552 902 80 77 vespafiz@vespafiz.com<\/p>\n","protected":false},"author":1,"featured_media":0,"parent":0,"menu_order":0,"comment_status":"closed","ping_status":"closed","template":"","meta":[],"_links":{"self":[{"href":"http:\/\/www.vespafiz.com\/index.php\/wp-json\/wp\/v2\/pages\/56"}],"collection":[{"href":"http:\/\/www.vespafiz.com\/index.php\/wp-json\/wp\/v2\/pages"}],"about":[{"href":"http:\/\/www.vespafiz.com\/index.php\/wp-json\/wp\/v2\/types\/page"}],"author":[{"embeddable":true,"href":"http:\/\/www.vespafiz.com\/index.php\/wp-json\/wp\/v2\/users\/1"}],"replies":[{"embeddable":true,"href":"http:\/\/www.vespafiz.com\/index.php\/wp-json\/wp\/v2\/comments?post=56"}],"version-history":[{"count":8,"href":"http:\/\/www.vespafiz.com\/index.php\/wp-json\/wp\/v2\/pages\/56\/revisions"}],"predecessor-version":[{"id":159,"href":"http:\/\/www.vespafiz.com\/index.php\/wp-json\/wp\/v2\/pages\/56\/revisions\/159"}],"wp:attachment":[{"href":"http:\/\/www.vespafiz.com\/index.php\/wp-json\/wp\/v2\/media?parent=56"}],"curies":[{"name":"wp","href":"https:\/\/api.w.org\/{rel}","templated":true}]}}